{"id":39969,"date":"2024-12-10T16:04:55","date_gmt":"2024-12-10T15:04:55","guid":{"rendered":"https:\/\/www.mikehorn.com\/?page_id=39969"},"modified":"2024-12-10T16:04:55","modified_gmt":"2024-12-10T15:04:55","slug":"newsletter","status":"publish","type":"page","link":"https:\/\/www.mikehorn.com\/en\/newsletter\/","title":{"rendered":"Newsletter"},"content":{"rendered":"<h1>Subscribe to the newsletter<\/h1>\n<div>\n<div id=\"mc_embed_shell\">\n      <link href=\"\/\/cdn-images.mailchimp.com\/embedcode\/classic-061523.css\" rel=\"stylesheet\" type=\"text\/css\">\n<style type=\"text\/css\">\n        #mc_embed_signup{background:#FAFBFD; false;clear:left; font:20px,14px Oswald Bold,Raleway}\n        \/* Add your own Mailchimp form style overrides in your site stylesheet or in this style block.\n           We recommend moving this block and the preceding CSS link to the HEAD of your HTML file. *\/\n<\/style>\n<div id=\"mc_embed_signup\">\n<form action=\"https:\/\/mikehorn.us20.list-manage.com\/subscribe\/post?u=5d61f9fd55859819cdd8f3f86&amp;id=a1908072a3&amp;f_id=008676e0f0\" method=\"post\" id=\"mc-embedded-subscribe-form\" name=\"mc-embedded-subscribe-form\" class=\"validate\" target=\"_blank\">\n<div id=\"mc_embed_signup_scroll\">\n<div class=\"indicates-required\"><span class=\"asterisk\">*<\/span> indicates \u2018mandatory\u2019<\/div>\n<div class=\"mc-field-group\"><label for=\"mce-FNAME\">First Name<span class=\"asterisk\">*<\/span><\/label><input type=\"text\" name=\"FNAME\" class=\"required text\" id=\"mce-FNAME\" value=\"\" required=\"\"><\/div>\n<div class=\"mc-field-group\"><label for=\"mce-LNAME\">Last Name<span class=\"asterisk\">*<\/span><\/label><input type=\"text\" name=\"LNAME\" class=\"required text\" id=\"mce-LNAME\" value=\"\" required=\"\"><\/div>\n<div class=\"mc-field-group\"><label for=\"mce-EMAIL\">Email<span class=\"asterisk\">*<\/span><\/label><input type=\"email\" name=\"EMAIL\" class=\"required email\" id=\"mce-EMAIL\" required=\"\" value=\"\"><\/div>\n<div class=\"mc-field-group size1of2\"><label for=\"mce-BIRTHDAY-month\">Birthday<\/label><\/p>\n<div class=\"datefield\"><span class=\"subfield dayfield\"><input class=\"birthday REQ_CSS\" type=\"text\" pattern=\"[0-9]*\" placeholder=\"DD\" size=\"2\" maxlength=\"2\" name=\"BIRTHDAY[day]\" id=\"mce-BIRTHDAY-day\" value=\"\"><\/span> \/<span class=\"subfield monthfield\"><input class=\"birthday REQ_CSS\" type=\"text\" pattern=\"[0-9]*\" placeholder=\"MM\" size=\"2\" maxlength=\"2\" name=\"BIRTHDAY[month]\" id=\"mce-BIRTHDAY-month\" value=\"\"><\/span><span class=\"small-meta nowrap\">( dd \/ mm )<\/span><\/div>\n<\/div>\n<div class=\"mc-field-group input-group\"><strong>Language<\/strong><\/p>\n<ul>\n<li><input type=\"radio\" name=\"group[18221]\" id=\"mce-group[18221]-18221-0\" value=\"1\"><label for=\"mce-group[18221]-18221-0\">Fran\u00e7ais \ud83c\uddeb\ud83c\uddf7<\/label><\/li>\n<li><input type=\"radio\" name=\"group[18221]\" id=\"mce-group[18221]-18221-1\" value=\"2\"><label for=\"mce-group[18221]-18221-1\">English \ud83c\uddec\ud83c\udde7<\/label><\/li>\n<\/ul>\n<\/div>\n<div id=\"mce-responses\" class=\"clear\">\n<div class=\"response\" id=\"mce-error-response\" style=\"display: none;\"><\/div>\n<div class=\"response\" id=\"mce-success-response\" style=\"display: none;\"><\/div>\n<\/p><\/div>\n<div aria-hidden=\"true\" style=\"position: absolute; left: -5000px; background-color:#1C2A2F\"><input type=\"text\" name=\"b_5d61f9fd55859819cdd8f3f86_a1908072a3\" tabindex=\"-1\" value=\"\"><\/div>\n<div class=\"clear\"><input type=\"submit\" name=\"subscribe\" id=\"mc-embedded-subscribe\" class=\"button\" style=\"background-color:#1C2A2F\" value=\"Subscribe\"><\/div>\n<\/p><\/div>\n<\/form>\n<\/div>\n<p><script type=\"text\/javascript\" src=\"\/\/s3.amazonaws.com\/downloads.mailchimp.com\/js\/mc-validate.js\"><\/script><script type=\"text\/javascript\">(function($) {window.fnames = new Array(); window.ftypes = new Array();fnames[1]='FNAME';ftypes[1]='text';fnames[2]='LNAME';ftypes[2]='text';fnames[0]='EMAIL';ftypes[0]='email';fnames[5]='BIRTHDAY';ftypes[5]='birthday';\/*\n * Translated default messages for the $ validation plugin.\n * Locale: FR\n *\/\n$.extend($.validator.messages, {\n        required: \"Ce champ est requis.\",\n        remote: \"Veuillez remplir ce champ pour continuer.\",\n        email: \"Veuillez entrer une adresse email valide.\",\n        url: \"Veuillez entrer une URL valide.\",\n        date: \"Veuillez entrer une date valide.\",\n        dateISO: \"Veuillez entrer une date valide (ISO).\",\n        number: \"Veuillez entrer un nombre valide.\",\n        digits: \"Veuillez entrer (seulement) une valeur num\u00e9rique.\",\n        creditcard: \"Veuillez entrer un num\u00e9ro de carte de cr\u00e9dit valide.\",\n        equalTo: \"Veuillez entrer une nouvelle fois la m\u00eame valeur.\",\n        accept: \"Veuillez entrer une valeur avec une extension valide.\",\n        maxlength: $.validator.format(\"Veuillez ne pas entrer plus de {0} caract\u00e8res.\"),\n        minlength: $.validator.format(\"Veuillez entrer au moins {0} caract\u00e8res.\"),\n        rangelength: $.validator.format(\"Veuillez entrer entre {0} et {1} caract\u00e8res.\"),\n        range: $.validator.format(\"Veuillez entrer une valeur entre {0} et {1}.\"),\n        max: $.validator.format(\"Veuillez entrer une valeur inf\u00e9rieure ou \u00e9gale \u00e0 {0}.\"),\n        min: $.validator.format(\"Veuillez entrer une valeur sup\u00e9rieure ou \u00e9gale \u00e0 {0}.\")\n});}(jQuery));var $mcj = jQuery.noConflict(true);<\/script><\/div>\n<\/div>\n<p><!--more--><br \/>\n<!-- {\"type\":\"layout\",\"children\":[{\"type\":\"section\",\"props\":{\"image_position\":\"center-center\",\"style\":\"default\",\"title_breakpoint\":\"xl\",\"title_position\":\"top-left\",\"title_rotation\":\"left\",\"vertical_align\":\"middle\",\"width\":\"xsmall\"},\"children\":[{\"type\":\"row\",\"children\":[{\"type\":\"column\",\"props\":{\"image_position\":\"center-center\",\"position_sticky_breakpoint\":\"m\"},\"children\":[{\"type\":\"headline\",\"props\":{\"content\":\"Subscribe to the newsletter\",\"text_align\":\"center\",\"title_element\":\"h1\",\"title_style\":\"heading-small\"}},{\"type\":\"html\",\"props\":{\"content\":\"\n\n<div id=\\\"mc_embed_shell\\\">\\n      <link href=\\\"\\\/\\\/cdn-images.mailchimp.com\\\/embedcode\\\/classic-061523.css\\\" rel=\\\"stylesheet\\\" type=\\\"text\\\/css\\\">\\n  \n\n<style type=\\\"text\\\/css\\\">\\n        #mc_embed_signup{background:#FAFBFD; false;clear:left; font:20px,14px Oswald Bold,Raleway}\\n        \\\/* Add your own Mailchimp form style overrides in your site stylesheet or in this style block.\\n           We recommend moving this block and the preceding CSS link to the HEAD of your HTML file. *\\\/\\n<\\\/style>\\n\n\n<div id=\\\"mc_embed_signup\\\">\\n    \n\n<form action=\\\"https:\\\/\\\/mikehorn.us20.list-manage.com\\\/subscribe\\\/post?u=5d61f9fd55859819cdd8f3f86&amp;id=a1908072a3&amp;f_id=008676e0f0\\\" method=\\\"post\\\" id=\\\"mc-embedded-subscribe-form\\\" name=\\\"mc-embedded-subscribe-form\\\" class=\\\"validate\\\" target=\\\"_blank\\\">\\n        \n\n<div id=\\\"mc_embed_signup_scroll\\\">\\n            \n\n<div class=\\\"indicates-required\\\"><span class=\\\"asterisk\\\">*<\\\/span> indicates \\u2018mandatory\\u2019<\\\/div>\\n            \n\n<div class=\\\"mc-field-group\\\"><label for=\\\"mce-FNAME\\\">First Name<span class=\\\"asterisk\\\">*<\\\/span><\\\/label><input type=\\\"text\\\" name=\\\"FNAME\\\" class=\\\"required text\\\" id=\\\"mce-FNAME\\\" value=\\\"\\\" required=\\\"\\\"><\\\/div>\n\n<div class=\\\"mc-field-group\\\"><label for=\\\"mce-LNAME\\\">Last Name<span class=\\\"asterisk\\\">*<\\\/span><\\\/label><input type=\\\"text\\\" name=\\\"LNAME\\\" class=\\\"required text\\\" id=\\\"mce-LNAME\\\" value=\\\"\\\" required=\\\"\\\"><\\\/div>\n\n<div class=\\\"mc-field-group\\\"><label for=\\\"mce-EMAIL\\\">Email<span class=\\\"asterisk\\\">*<\\\/span><\\\/label><input type=\\\"email\\\" name=\\\"EMAIL\\\" class=\\\"required email\\\" id=\\\"mce-EMAIL\\\" required=\\\"\\\" value=\\\"\\\"><\\\/div>\n\n<div class=\\\"mc-field-group size1of2\\\"><label for=\\\"mce-BIRTHDAY-month\\\">Birthday<\\\/label>\n\n<div class=\\\"datefield\\\"><span class=\\\"subfield dayfield\\\"><input class=\\\"birthday REQ_CSS\\\" type=\\\"text\\\" pattern=\\\"[0-9]*\\\" placeholder=\\\"DD\\\" size=\\\"2\\\" maxlength=\\\"2\\\" name=\\\"BIRTHDAY[day]\\\" id=\\\"mce-BIRTHDAY-day\\\" value=\\\"\\\"><\\\/span> \\\/<span class=\\\"subfield monthfield\\\"><input class=\\\"birthday REQ_CSS\\\" type=\\\"text\\\" pattern=\\\"[0-9]*\\\" placeholder=\\\"MM\\\" size=\\\"2\\\" maxlength=\\\"2\\\" name=\\\"BIRTHDAY[month]\\\" id=\\\"mce-BIRTHDAY-month\\\" value=\\\"\\\"><\\\/span><span class=\\\"small-meta nowrap\\\">( dd \\\/ mm )<\\\/span><\\\/div><\\\/div>\n\n<div class=\\\"mc-field-group input-group\\\"><strong>Language<\\\/strong>\n\n<ul>\n\n<li><input type=\\\"radio\\\" name=\\\"group[18221]\\\" id=\\\"mce-group[18221]-18221-0\\\" value=\\\"1\\\"><label for=\\\"mce-group[18221]-18221-0\\\">Fran\\u00e7ais \\ud83c\\uddeb\\ud83c\\uddf7<\\\/label><\\\/li>\n\n<li><input type=\\\"radio\\\" name=\\\"group[18221]\\\" id=\\\"mce-group[18221]-18221-1\\\" value=\\\"2\\\"><label for=\\\"mce-group[18221]-18221-1\\\">English \\ud83c\\uddec\\ud83c\\udde7<\\\/label><\\\/li><\\\/ul><\\\/div>\\n        \n\n<div id=\\\"mce-responses\\\" class=\\\"clear\\\">\\n            \n\n<div class=\\\"response\\\" id=\\\"mce-error-response\\\" style=\\\"display: none;\\\"><\\\/div>\\n            \n\n<div class=\\\"response\\\" id=\\\"mce-success-response\\\" style=\\\"display: none;\\\"><\\\/div>\\n        <\\\/div>\n\n<div aria-hidden=\\\"true\\\" style=\\\"position: absolute; left: -5000px; background-color:#1C2A2F\\\"><input type=\\\"text\\\" name=\\\"b_5d61f9fd55859819cdd8f3f86_a1908072a3\\\" tabindex=\\\"-1\\\" value=\\\"\\\"><\\\/div>\n\n<div class=\\\"clear\\\"><input type=\\\"submit\\\" name=\\\"subscribe\\\" id=\\\"mc-embedded-subscribe\\\" class=\\\"button\\\" style=\\\"background-color:#1C2A2F\\\" value=\\\"Subscribe\\\"><\\\/div>\\n    <\\\/div>\\n<\\\/form>\\n<\\\/div>\\n<script type=\\\"text\\\/javascript\\\" src=\\\"\\\/\\\/s3.amazonaws.com\\\/downloads.mailchimp.com\\\/js\\\/mc-validate.js\\\"><\\\/script><script type=\\\"text\\\/javascript\\\">(function($) {window.fnames = new Array(); window.ftypes = new Array();fnames[1]='FNAME';ftypes[1]='text';fnames[2]='LNAME';ftypes[2]='text';fnames[0]='EMAIL';ftypes[0]='email';fnames[5]='BIRTHDAY';ftypes[5]='birthday';\\\/*\\n * Translated default messages for the $ validation plugin.\\n * Locale: FR\\n *\\\/\\n$.extend($.validator.messages, {\\n        required: \\\"Ce champ est requis.\\\",\\n        remote: \\\"Veuillez remplir ce champ pour continuer.\\\",\\n        email: \\\"Veuillez entrer une adresse email valide.\\\",\\n        url: \\\"Veuillez entrer une URL valide.\\\",\\n        date: \\\"Veuillez entrer une date valide.\\\",\\n        dateISO: \\\"Veuillez entrer une date valide (ISO).\\\",\\n        number: \\\"Veuillez entrer un nombre valide.\\\",\\n        digits: \\\"Veuillez entrer (seulement) une valeur num\\u00e9rique.\\\",\\n        creditcard: \\\"Veuillez entrer un num\\u00e9ro de carte de cr\\u00e9dit valide.\\\",\\n        equalTo: \\\"Veuillez entrer une nouvelle fois la m\\u00eame valeur.\\\",\\n        accept: \\\"Veuillez entrer une valeur avec une extension valide.\\\",\\n        maxlength: $.validator.format(\\\"Veuillez ne pas entrer plus de {0} caract\\u00e8res.\\\"),\\n        minlength: $.validator.format(\\\"Veuillez entrer au moins {0} caract\\u00e8res.\\\"),\\n        rangelength: $.validator.format(\\\"Veuillez entrer entre {0} et {1} caract\\u00e8res.\\\"),\\n        range: $.validator.format(\\\"Veuillez entrer une valeur entre {0} et {1}.\\\"),\\n        max: $.validator.format(\\\"Veuillez entrer une valeur inf\\u00e9rieure ou \\u00e9gale \\u00e0 {0}.\\\"),\\n        min: $.validator.format(\\\"Veuillez entrer une valeur sup\\u00e9rieure ou \\u00e9gale \\u00e0 {0}.\\\")\\n});}(jQuery));var $mcj = jQuery.noConflict(true);<\\\/script><\\\/div>\"}}]}]}]}],\"version\":\"4.4.16\",\"yooessentialsVersion\":\"2.2.28\"} --><\/p>\n","protected":false},"excerpt":{"rendered":"<p>Subscribe to the newsletter * indicates \u2018mandatory\u2019 First Name* Last Name* Email* Birthday \/( dd \/ mm ) Language Fran\u00e7ais \ud83c\uddeb\ud83c\uddf7 English \ud83c\uddec\ud83c\udde7<\/p>\n","protected":false},"author":16495,"featured_media":0,"parent":0,"menu_order":0,"comment_status":"closed","ping_status":"closed","template":"","meta":{"footnotes":""},"class_list":["post-39969","page","type-page","status-publish","hentry"],"_links":{"self":[{"href":"https:\/\/www.mikehorn.com\/en\/wp-json\/wp\/v2\/pages\/39969","targetHints":{"allow":["GET"]}}],"collection":[{"href":"https:\/\/www.mikehorn.com\/en\/wp-json\/wp\/v2\/pages"}],"about":[{"href":"https:\/\/www.mikehorn.com\/en\/wp-json\/wp\/v2\/types\/page"}],"author":[{"embeddable":true,"href":"https:\/\/www.mikehorn.com\/en\/wp-json\/wp\/v2\/users\/16495"}],"replies":[{"embeddable":true,"href":"https:\/\/www.mikehorn.com\/en\/wp-json\/wp\/v2\/comments?post=39969"}],"version-history":[{"count":2,"href":"https:\/\/www.mikehorn.com\/en\/wp-json\/wp\/v2\/pages\/39969\/revisions"}],"predecessor-version":[{"id":39971,"href":"https:\/\/www.mikehorn.com\/en\/wp-json\/wp\/v2\/pages\/39969\/revisions\/39971"}],"wp:attachment":[{"href":"https:\/\/www.mikehorn.com\/en\/wp-json\/wp\/v2\/media?parent=39969"}],"curies":[{"name":"wp","href":"https:\/\/api.w.org\/{rel}","templated":true}]}}